{"id":971,"date":"2021-02-15T16:13:28","date_gmt":"2021-02-15T15:13:28","guid":{"rendered":"https:\/\/wpw.gisgraph.pl\/?page_id=971"},"modified":"2023-09-29T13:26:38","modified_gmt":"2023-09-29T11:26:38","slug":"wpw-dla-kajakarzy","status":"publish","type":"page","link":"https:\/\/wielka-petla.pl\/en\/wpw-dla-kajakarzy\/","title":{"rendered":"For kayakers"},"content":{"rendered":"\n<p>The Great Waterway Loop of Wielkopolska is perfect for kayaking, suitable for both experienced and beginners, and in every season. The trail as whole is easy to medium, without the necessity to carry your kayak and without any obstacles in the water (like floating logs or impassable shores). The rivers and canals are wide enough to organize even mass kayaking trips, such as the Critical Kayak Mass held annually in Pozna\u0144.<\/p>\n\n\n\n<figure class=\"wp-block-image size-large\"><img loading=\"lazy\" width=\"1024\" height=\"683\" src=\"https:\/\/wielka-petla.pl\/en\/wp-content\/uploads\/2023\/09\/kajaki_stock1_noresize-1024x683.jpg\" alt=\"\" class=\"wp-image-3228\" srcset=\"https:\/\/wielka-petla.pl\/en\/wp-content\/uploads\/2023\/09\/kajaki_stock1_noresize-980x654.jpg 980w, https:\/\/wielka-petla.pl\/en\/wp-content\/uploads\/2023\/09\/kajaki_stock1_noresize-480x320.jpg 480w\" sizes=\"(min-width: 0px) and (max-width: 480px) 480px, (min-width: 481px) and (max-width: 980px) 980px, (min-width: 981px) 1024px, 100vw\" \/><\/figure>\n\n\n\n<h2>Around Wielkopolska<\/h2>\n\n\n\n<p>Of course, it is not necessary to circumnavigate the entire Loop at once. Numerous marinas allow you to organize even a one-day trip, ending with a campfire or a picnic. You can also plan your trip for a two or three days and stay overnight on a riverside camping at one of the marinas. And if you are looking for a better standard, then there are hotels, holiday resorts and agritourism farms to suit you.<\/p>\n\n\n\n<p>Finally, you don\u2019t need to bother yourself with owing a kayak \u2013 there are many professionals offering equipment rental and organizing kayak trips, who will be happy to take care of everything. Family holidays with children, a low-budget student trip or a weekend for two &#8211; everyone will find something for themselves on the Great Waterway Loop of Wielkopolska.<\/p>\n\n\n\n<h2>Our tips for beginners<\/h2>\n\n\n\n<p>You may start your kayak trip almost everywhere, but there are some places and parts of the Great Waterway Loop that we recommend strongly:<\/p>\n\n\n\n<h3>River Warta<\/h3>\n\n\n\n<ul><li>Konin \u2013 L\u0105d \u2013 Pyzdry (2 days)<\/li><li>L\u0105d \u2013 Pyzdry (1 day)<\/li><li>Czeszewo \u2013 Herman\u00f3w or Nowe Miasto nad Wart\u0105 (1 day)<\/li><li>Jaszkowo \u2013 Rogalinek (1 day)<\/li><li>Pozna\u0144 \u2013 Czerwonak (1 day)<\/li><li>Oborniki \u2013 Wronki \u2013 Sierak\u00f3w \u2013 Mi\u0119dzych\u00f3d (3-4 days)<\/li><li>Sierak\u00f3w \u2013 Mi\u0119dzych\u00f3d or Chorz\u0119powo (1 day)<\/li><li>Skwierzyna \u2013 Santok (1-2 days)<\/li><\/ul>\n\n\n\n<h3>Note\u0107 and Gwda rivers<\/h3>\n\n\n\n<ul><li>Pi\u0142a \u2013 Uj\u015bcie (1 day)<\/li><li>Pi\u0142a \u2013 Uj\u015bcie \u2013 Czarnk\u00f3w (2 days)<\/li><li>Czarnk\u00f3w \u2013 Wiele\u0144 \u2013 Drawsko (2 &#8211; 3 days)<\/li><li>Wiele\u0144 \u2013 Drawsko (1 day)<\/li><\/ul>\n\n\n\n<h3>Konin lakes<\/h3>\n\n\n\n<ul><li>Gop\u0142o lake (1 day)<\/li><li>Kruszwica \u2013 \u015alesin (3-4 days)<\/li><li>\u015alesi\u0144skie and Mikorzy\u0144skie lakes (1 \u2013 2 days)<\/li><\/ul>\n","protected":false},"excerpt":{"rendered":"<p>The Great Waterway Loop of Wielkopolska is perfect for kayaking, suitable for both experienced and beginners, and in every season. The trail as whole is easy to medium, without the necessity to carry your kayak and without any obstacles in the water (like floating logs or impassable shores). The rivers and canals are wide enough [&hellip;]<\/p>\n","protected":false},"author":1,"featured_media":0,"parent":0,"menu_order":0,"comment_status":"closed","ping_status":"closed","template":"","meta":{"_et_pb_use_builder":"off","_et_pb_old_content":"<!-- wp:heading -->\n<h2>Dla kajakarzy<\/h2>\n<!-- \/wp:heading -->\n\n<!-- wp:paragraph -->\n<p>Wielka P\u0119tla Wielkopolski to idealny szlak kajakowy, odpowiedni zar\u00f3wno dla do\u015bwiadczonych jak i dla pocz\u0105tkuj\u0105cych. Co roku niezliczeni kajakarze przemierzaj\u0105 go, szukaj\u0105c na wodzie aktywnego wypoczynku i niezapomnianych emocji. Wszystkie odcinki szlaku mo\u017cna okre\u015bli\u0107 jako \u0142atwe lub \u015brednio trudne, bez przenosek i bez przeszk\u00f3d na wodzie, za to z pi\u0119knymi widokami i wspania\u0142\u0105 mozaik\u0105 krajobraz\u00f3w. Znaczna szeroko\u015b\u0107 rzek wchodz\u0105cych w sk\u0142ad WPW pozwala na zorganizowanie nawet masowych sp\u0142yw\u00f3w, takich jak Kajakowa Masa Krytyczna.<\/p>\n<!-- \/wp:paragraph -->\n\n<!-- wp:heading -->\n<h2>Kajakiem po Wielkopolsce<\/h2>\n<!-- \/wp:heading -->\n\n<!-- wp:paragraph -->\n<p>Oczywi\u015bcie nie trzeba op\u0142ywa\u0107 ca\u0142ej P\u0119tli za jednym razem. Liczne przystanie i miejsca wodowania pozwalaj\u0105 zorganizowa\u0107 nawet jednodniowy sp\u0142yw, zako\u0144czony ogniskiem albo piknikiem. Mo\u017cna te\u017c p\u0142yn\u0105c kilka dni, nocuj\u0105c na nadrzecznych campingach lub na licznych polach namiotowych dzia\u0142aj\u0105cych przy marinach. A je\u015bli szukacie wy\u017cszego standardu, w\u00f3wczas zaoferuj\u0105 go le\u017c\u0105ce wzd\u0142u\u017c szlaku hotele, o\u015brodki wypoczynkowe i gospodarstwa agroturystyczne.<br><br>Nie trzeba te\u017c dysponowa\u0107 w\u0142asnym kajakiem \u2013 jedna z wielu profesjonalnych firm oferuj\u0105cych wynajem sprz\u0119tu i organizacj\u0119 sp\u0142yw\u00f3w kajakowych ch\u0119tnie zajmie si\u0119 wszystkim. Rodzinny sp\u0142yw z dzie\u0107mi, studencki niskobud\u017cetowy wypad czy weekend we dwoje \u2013 ka\u017cdy znajdzie co\u015b dla siebie na Wielkiej P\u0119tli Wielkopolski.<\/p>\n<!-- \/wp:paragraph -->\n\n<!-- wp:heading -->\n<h2>Najlepsze miejsca na sp\u0142yw kajakowy<\/h2>\n<!-- \/wp:heading -->\n\n<!-- wp:paragraph -->\n<p>Sp\u0142yw kajakowy na Wielkiej P\u0119tli Wielkopolski mo\u017cecie zorganizowa\u0107 jej dowolnym miejscu, ale kilka fragment\u00f3w jest szczeg\u00f3lnie popularnych w\u015br\u00f3d kajakarzy:<br><\/p>\n<!-- \/wp:paragraph -->\n\n<!-- wp:list -->\n<ul><li>Warta<\/li><li>Konin \u2013 L\u0105d \u2013 Pyzdry (2 dni)<\/li><li>L\u0105d \u2013 Pyzdry (1 dzie\u0144)<\/li><li>Czeszewo \u2013 Herman\u00f3w lub Nowe Miasto nad Wart\u0105 (1 dzie\u0144)<\/li><li>Jaszkowo \u2013 Rogalinek (1 dzie\u0144)<\/li><li>Pozna\u0144 \u2013 Czerwonak (1 dzie\u0144)<\/li><li>Oborniki \u2013 Wronki \u2013 Sierak\u00f3w \u2013 Mi\u0119dzych\u00f3d (3-4 dni)<\/li><li>Sierak\u00f3w \u2013 Mi\u0119dzych\u00f3d lub Chorz\u0119powo (1 dzie\u0144)<\/li><li>Skwierzyna \u2013 Santok (1-2 dni)<\/li><li>Note\u0107 i Gwda<\/li><li>Pi\u0142a \u2013 Uj\u015bcie (1 dzie\u0144)<\/li><li>Pi\u0142a \u2013 Uj\u015bcie \u2013 Czarnk\u00f3w (2 dni)<\/li><li>Czarnk\u00f3w \u2013 Wiele\u0144 \u2013 Drawsko (2 - 3 dni)<\/li><li>Wiele\u0144 \u2013 Drawsko (1 dzie\u0144)<\/li><li>Pojezierze koni\u0144skie<\/li><li>Jezioro Gop\u0142o (1 dzie\u0144)<\/li><li>Kruszwica \u2013 \u015alesin (3-4 dni)<\/li><li>Jezioro \u015alesi\u0144skie i Mikorzy\u0144skie (1 \u2013 2 dni)<\/li><\/ul>\n<!-- \/wp:list -->\n\n<!-- wp:paragraph -->\n<p><\/p>\n<!-- \/wp:paragraph -->","_et_gb_content_width":""},"kategorie_stron":[13],"acf":false,"_links":{"self":[{"href":"https:\/\/wielka-petla.pl\/en\/wp-json\/wp\/v2\/pages\/971"}],"collection":[{"href":"https:\/\/wielka-petla.pl\/en\/wp-json\/wp\/v2\/pages"}],"about":[{"href":"https:\/\/wielka-petla.pl\/en\/wp-json\/wp\/v2\/types\/page"}],"author":[{"embeddable":true,"href":"https:\/\/wielka-petla.pl\/en\/wp-json\/wp\/v2\/users\/1"}],"replies":[{"embeddable":true,"href":"https:\/\/wielka-petla.pl\/en\/wp-json\/wp\/v2\/comments?post=971"}],"version-history":[{"count":6,"href":"https:\/\/wielka-petla.pl\/en\/wp-json\/wp\/v2\/pages\/971\/revisions"}],"predecessor-version":[{"id":3229,"href":"https:\/\/wielka-petla.pl\/en\/wp-json\/wp\/v2\/pages\/971\/revisions\/3229"}],"wp:attachment":[{"href":"https:\/\/wielka-petla.pl\/en\/wp-json\/wp\/v2\/media?parent=971"}],"wp:term":[{"taxonomy":"kategorie_stron","embeddable":true,"href":"https:\/\/wielka-petla.pl\/en\/wp-json\/wp\/v2\/kategorie_stron?post=971"}],"curies":[{"name":"wp","href":"https:\/\/api.w.org\/{rel}","templated":true}]}}