{"id":960,"date":"2021-02-15T15:56:32","date_gmt":"2021-02-15T14:56:32","guid":{"rendered":"https:\/\/wpw.gisgraph.pl\/?page_id=960"},"modified":"2023-09-29T13:36:53","modified_gmt":"2023-09-29T11:36:53","slug":"wypozyczalnie-kajakow-warta","status":"publish","type":"page","link":"https:\/\/wielka-petla.pl\/en\/wpw-dla-kajakarzy\/wypozyczalnie-kajakow\/wypozyczalnie-kajakow-warta\/","title":{"rendered":"Rent a kayak: Warta river"},"content":{"rendered":"\n<p>There are many kayak rental comanies in the area. Below we present you with some selected, which we may be sure of good quality of service. Please bear in mind, that some employees might not be fluent with English. We recommend you to contact by email.<\/p>\n\n\n\n<div class=\"wp-block-columns\">\n<div class=\"wp-block-column\">\n<h3><br><strong>Disport<\/strong><\/h3>\n\n\n\n<p>Pozna\u0144, 61-065, ul. Wilcza 16<br>disport@disport.com.pl<br>www.disport.com.pl<\/p>\n\n\n\n<h3><strong>Rzeka Warta Poznania<\/strong><\/h3>\n\n\n\n<p>Wielkopolski Klaster Turystyczny<br>Pozna\u0144, ul. Wio\u015blarska<br>biuro@przystanposnania.pl<br>www.rzekawartapoznania.pl<\/p>\n\n\n\n<h3><strong>Kajaki \u017berk\u00f3w<\/strong><\/h3>\n\n\n\n<p>\u017berk\u00f3w, ul. Parkowa 9<br>+48\u202f501\u202f793\u202f468<br>kajakizerkow@op.pl<br>www.kajakizerkow.pl<\/p>\n\n\n\n<h3><strong>Czarterjacht<\/strong><\/h3>\n\n\n\n<p>\u015arem, 63-100, Pysz\u0105ca, ul. Zachodnia 5<br>+48 506 425\u202f045<br>biuro@czarterjacht.eu<br>www.czarterjacht.eu<\/p>\n\n\n\n<h3><strong>Wypo\u017cyczalnia kajak\u00f3w nad Wart\u0105<\/strong><\/h3>\n\n\n\n<p>Osiecza Pierwsza, 62-585 Rzg\u00f3w<br>+48 602 611\u202f369<br>arkadiuszchmielewski@vp.pl<br>www.warta-kajaki.pl<\/p>\n\n\n\n<h3><strong>Marina L\u0105d<\/strong><\/h3>\n\n\n\n<p>L\u0105d nad Wart\u0105<br>+48 507 478\u202f349<br>kapitanat@marinalad.pl<br>www.marinalad.pl<\/p>\n<\/div>\n\n\n\n<div class=\"wp-block-column\">\n<h3><strong><br><\/strong>Kajaki Dudek<\/h3>\n\n\n\n<p><strong>Radzewice, ul. D\u0142uga 61<br>+48\u202f663\u202f582\u202f244<br>kontakt@kajakidudek.pl<br>www.kajakidudek.pl<\/strong><\/p>\n\n\n\n<h3>Mi\u0119dzychodzkie Towarzystwo Turystyki i Sport\u00f3w Wodnych<\/h3>\n\n\n\n<p><strong>Mi\u0119dzych\u00f3d, ul. Portowa 8<br>+48 606 874 136<br>www.motowodniacy.pl<\/strong><\/p>\n\n\n\n<h3>Przysta\u0144 Chorz\u0119powo<\/h3>\n\n\n\n<p><strong>Chorz\u0119powo 79 (pow. mi\u0119dzychodzki)<br>+48\u202f791\u202f533\u202f632<br>www.chorzepowo.pl<\/strong><\/p>\n\n\n\n<h3>Stanica Kajakowa<\/h3>\n\n\n\n<p><strong>Mi\u0119dzych\u00f3d, ul. Wa\u0142y Jana Kazimierza<br>+48\u202f667\u202f277\u202f560<br>www.czarny-kajaki.pl<\/strong><\/p>\n\n\n\n<h3>Agroturystyka Gawra<\/h3>\n\n\n\n<p><strong>Chorz\u0119powo 42 (pow. mi\u0119dzychodzki)<br>+607\u202f679\u202f673<br>chrobrowski@onet.pl<br>www.puszcza-notecka.pl<\/strong><\/p>\n<\/div>\n<\/div>\n","protected":false},"excerpt":{"rendered":"<p>There are many kayak rental comanies in the area. Below we present you with some selected, which we may be sure of good quality of service. Please bear in mind, that some employees might not be fluent with English. We recommend you to contact by email. Disport Pozna\u0144, 61-065, ul. Wilcza 16disport@disport.com.plwww.disport.com.pl Rzeka Warta Poznania [&hellip;]<\/p>\n","protected":false},"author":1,"featured_media":0,"parent":975,"menu_order":0,"comment_status":"closed","ping_status":"closed","template":"","meta":{"_et_pb_use_builder":"off","_et_pb_old_content":"","_et_gb_content_width":""},"kategorie_stron":[13],"acf":false,"_links":{"self":[{"href":"https:\/\/wielka-petla.pl\/en\/wp-json\/wp\/v2\/pages\/960"}],"collection":[{"href":"https:\/\/wielka-petla.pl\/en\/wp-json\/wp\/v2\/pages"}],"about":[{"href":"https:\/\/wielka-petla.pl\/en\/wp-json\/wp\/v2\/types\/page"}],"author":[{"embeddable":true,"href":"https:\/\/wielka-petla.pl\/en\/wp-json\/wp\/v2\/users\/1"}],"replies":[{"embeddable":true,"href":"https:\/\/wielka-petla.pl\/en\/wp-json\/wp\/v2\/comments?post=960"}],"version-history":[{"count":6,"href":"https:\/\/wielka-petla.pl\/en\/wp-json\/wp\/v2\/pages\/960\/revisions"}],"predecessor-version":[{"id":3236,"href":"https:\/\/wielka-petla.pl\/en\/wp-json\/wp\/v2\/pages\/960\/revisions\/3236"}],"up":[{"embeddable":true,"href":"https:\/\/wielka-petla.pl\/en\/wp-json\/wp\/v2\/pages\/975"}],"wp:attachment":[{"href":"https:\/\/wielka-petla.pl\/en\/wp-json\/wp\/v2\/media?parent=960"}],"wp:term":[{"taxonomy":"kategorie_stron","embeddable":true,"href":"https:\/\/wielka-petla.pl\/en\/wp-json\/wp\/v2\/kategorie_stron?post=960"}],"curies":[{"name":"wp","href":"https:\/\/api.w.org\/{rel}","templated":true}]}}