{"id":1478,"date":"2021-02-18T13:39:26","date_gmt":"2021-02-18T12:39:26","guid":{"rendered":"https:\/\/wpw.gisgraph.pl\/?page_id=1478"},"modified":"2021-03-19T16:22:35","modified_gmt":"2021-03-19T15:22:35","slug":"faq","status":"publish","type":"page","link":"https:\/\/wielka-petla.pl\/en\/poznaj-petle\/faq\/","title":{"rendered":"FAQ"},"content":{"rendered":"\n<h3><strong>Do I need my own boat or canoe to go down the Great Waterway Loop of Wielkopolska?<\/strong><\/h3>\n\n\n\n<p>No. You can choose from the offers of one of the many charter companies, which have both small boats &#8211; perfect for a weekend cruise for two, and larger vessels where you will comfortably spend a family vacation. If you prefer kayaks, there are many rentals and kayaking companies too. The package includes not only the equipment, but also transport and even a bonfire at the end.<\/p>\n\n\n\n<h3><strong>How long does it take to circumnavigate the Great Waterway Loop of Wielkopolska?<\/strong><\/h3>\n\n\n\n<p>It takes about 2 to 3 weeks to cover the Loop by a motorboat &#8211; it depends on the length of the stops and the time you spend on the water each day. You can also cut the cruise into smaller sections. A week on the water is often enough to fully appreciate all the charms of Wielkopolska.<\/p>\n\n\n\n<h3><strong>Can you sail on a sailboat on the Great Waterway Loop of Wielkopolska?<\/strong><\/h3>\n\n\n\n<p>Due to low bridges, sailing in many places is impossible. If you want to go sailing, the best choice will be the lakes located in the vicinity of Konin: \u015alesi\u0144skie, Mikorzy\u0144skie, Liche\u0144skie and Gop\u0142o. There are several marinas on their shores and you can easily rent a sailboat. From other places in Wielkopolska, we also recommend for sailing &nbsp;Lake Powidzkie and Lake B\u0142\u0119dno.<\/p>\n\n\n\n<h3><strong>How do I know if all the locks are open?<\/strong><\/h3>\n\n\n\n<p>Up-to-date and first-hand information can be found on the website of the Polish Water Holding. You may also make a call to one of the marinas, as they always keep in touch with the newest information.<\/p>\n\n\n\n<h3><strong>Where is the best place to start a cruise?<\/strong><\/h3>\n\n\n\n<p>Your best to choice would be one of the large marinas that are fully equipped and have experienced employees, who will be happy to help you prepare for the cruise. We recommend marinas in Czarnk\u00f3w, Drawsko and Nak\u0142o (on the Note\u0107 River), in \u015alesin (on the \u015alesi\u0144ski Canal) and in L\u0105d, Nowe Miasto and Czerwonak (on the Warta River).<\/p>\n\n\n\n<h3><strong>Do I need special qualifications to charter a boat?<\/strong><\/h3>\n\n\n\n<p>Currently, no special qualifications or courses are needed to operate smaller vessels on inland waterways in Poland. However, it is best to ask the charter company directly for details.<\/p>\n\n\n\n<h3><strong>Is the Great Waterway Loop of Wielkopolska difficult as a canoeing trail?<\/strong><\/h3>\n\n\n\n<p>No, sailing on the Warta and Note\u0107 is relatively simple and hassle-free. There are no obstacles on both rivers, such as sunken logs or dams. The current is not strong, but you should bear in mind that the Warta is a large river and the distance from the center of the current to the shore may be several meters. There are also 14 locks on the Note\u0107 river.<\/p>\n","protected":false},"excerpt":{"rendered":"<p>Do I need my own boat or canoe to go down the Great Waterway Loop of Wielkopolska? No. You can choose from the offers of one of the many charter companies, which have both small boats &#8211; perfect for a weekend cruise for two, and larger vessels where you will comfortably spend a family vacation. [&hellip;]<\/p>\n","protected":false},"author":1,"featured_media":1930,"parent":1219,"menu_order":0,"comment_status":"closed","ping_status":"closed","template":"","meta":{"_et_pb_use_builder":"off","_et_pb_old_content":"<!-- wp:paragraph -->\n<p><strong>Cz\u0119sto zadawane pytania<\/strong><\/p>\n<!-- \/wp:paragraph -->\n\n<!-- wp:heading {\"level\":3} -->\n<h3><strong>Czy do p\u0142ywania po Wielkiej P\u0119tli Wielkopolski potrzebuj\u0119&nbsp;<\/strong><strong>mie\u0107 w\u0142asn\u0105 \u0142\u00f3d\u017a lub kajak<\/strong><strong>?<\/strong>&nbsp;<\/h3>\n<!-- \/wp:heading -->\n\n<!-- wp:paragraph -->\n<p>Nie. Mo\u017cesz skorzysta\u0107 z oferty jednej z wielu firm czarterowych, kt\u00f3re dysponuj\u0105 zar\u00f3wno niewielkimi \u0142odziami \u2013 idealnymi na weekendowy rejs we dwoje, jak i wi\u0119kszymi jednostkami, na kt\u00f3rych komfortowo sp\u0119dzicie d\u0142u\u017cszy rodzinny urlop. Je\u015bli wolisz kajaki, to na Wielkiej P\u0119tli dzia\u0142a sporo wypo\u017cyczalni oraz firm organizuj\u0105cych sp\u0142ywy. W pakiecie jest nie tylko sprz\u0119t, ale te\u017c transport kajak\u00f3w a nawet ognisko na koniec.&nbsp;<\/p>\n<!-- \/wp:paragraph -->\n\n<!-- wp:heading {\"level\":3} -->\n<h3><strong>Ile czasu potrzeba na op\u0142yni\u0119cie Wielkiej P\u0119tli Wielkopolski?<\/strong>&nbsp;<\/h3>\n<!-- \/wp:heading -->\n\n<!-- wp:paragraph -->\n<p>Na op\u0142yni\u0119cie P\u0119tli \u0142odzi\u0105 motorow\u0105 potrzeba oko\u0142o 2 do 3 tygodni \u2013 zale\u017cy to od d\u0142ugo\u015bci postoj\u00f3w oraz czasu, jaki po\u015bwi\u0119cicie na \u017ceglowanie ka\u017cdego dnia. Mo\u017cna te\u017c podzieli\u0107 P\u0119tl\u0119 na mniejsze odcinki. Tydzie\u0144 na wodzie pozwala ju\u017c w pe\u0142ni doceni\u0107 wszystkie uroki Wielkopolski.&nbsp;<\/p>\n<!-- \/wp:paragraph -->\n\n<!-- wp:heading {\"level\":3} -->\n<h3><strong>Czy na Wielkiej P\u0119tli Wielkopolski mo\u017cna p\u0142ywa\u0107 \u017cagl\u00f3wk\u0105?<\/strong>&nbsp;<\/h3>\n<!-- \/wp:heading -->\n\n<!-- wp:paragraph -->\n<p>Ze wzgl\u0119du na niskie mosty w wielu miejscach p\u0142ywanie \u017cagl\u00f3wk\u0105 jest niemo\u017cliwe na wielu odcinkach Wielkiej P\u0119tli Wielkopolski. Je\u015bli chcesz wybra\u0107 si\u0119 na \u017cagle najlepszym wyborem b\u0119d\u0105 wchodz\u0105ce w sk\u0142ad P\u0119tli jeziora w okolicy Konina: \u015alesi\u0144skie, Mikorzy\u0144skie, Liche\u0144skie i Gop\u0142o. Na ich brzegach znajduje si\u0119 kilkana\u015bcie przystani oraz mo\u017cna bez problemu wypo\u017cyczy\u0107 \u017cagl\u00f3wk\u0119. Z innych miejsc w Wielkopolsce polecamy te\u017c na \u017cagle jezioro Powidzkie i jezioro&nbsp;B\u0142\u0119dno.&nbsp;<\/p>\n<!-- \/wp:paragraph -->\n\n<!-- wp:heading {\"level\":3} -->\n<h3><strong>Sk\u0105d si\u0119 dowiedzie\u0107, czy wszystkie \u015bluzy s\u0105 czynne?<\/strong>&nbsp;<\/h3>\n<!-- \/wp:heading -->\n\n<!-- wp:paragraph -->\n<p>Aktualne informacje z pierwszej r\u0119ki znajdziesz na stronach Pa\u0144stwowego Gospodarstwa Wodnego&nbsp;<a href=\"https:\/\/www.wody.gov.pl\/\" target=\"_blank\" rel=\"noreferrer noopener\">Wody Polskie<\/a>. Obszar Wielkiej P\u0119tli Wielkopolski znajduje si\u0119 w kompetencji&nbsp;<a href=\"https:\/\/poznan.wody.gov.pl\/\" target=\"_blank\" rel=\"noreferrer noopener\">RZGW w Poznaniu<\/a>&nbsp;oraz&nbsp;<a href=\"https:\/\/bydgoszcz.wody.gov.pl\/\" target=\"_blank\" rel=\"noreferrer noopener\">RZGW w Bydgoszczy<\/a>.&nbsp;<\/p>\n<!-- \/wp:paragraph -->\n\n<!-- wp:heading {\"level\":3} -->\n<h3><strong>Gdzie najlepiej zacz\u0105\u0107 rejs?<\/strong>&nbsp;<\/h3>\n<!-- \/wp:heading -->\n\n<!-- wp:paragraph -->\n<p>Na pocz\u0105tek wodnej przygody w Wielkopolsce najlepiej wybra\u0107 jedn\u0105 z du\u017cych marin, kt\u00f3re dysponuj\u0105 pe\u0142nym wyposa\u017ceniem oraz do\u015bwiadczonymi pracownikami, kt\u00f3rzy ch\u0119tnie pomog\u0105 w przygotowaniu do rejsu. Do takich obiekt\u00f3w nale\u017c\u0105 mariny w Czarnkowie, Drawsku i Nakle (na Noteci), w \u015alesinie (na Kanale \u015alesi\u0144skim) oraz L\u0105dzie, Nowym Mie\u015bcie i Czerwonaku (na Warcie).&nbsp;<\/p>\n<!-- \/wp:paragraph -->\n\n<!-- wp:heading {\"level\":3} -->\n<h3><strong>Czy aby wyczarterowa\u0107 \u0142\u00f3d\u017a potrzebuj\u0119 specjalnych uprawnie\u0144?<\/strong>&nbsp;<\/h3>\n<!-- \/wp:heading -->\n\n<!-- wp:paragraph -->\n<p>Do p\u0142ywania mniejszymi jednostkami po \u015br\u00f3dl\u0105dowych drogach wodnych nie s\u0105 obecnie potrzebne \u017cadne specjalne uprawnienia czy kursy. Najlepiej jednak zapyta\u0107 si\u0119 bezpo\u015brednio danej firmy czarterowej, kt\u00f3ra udzieli szczeg\u00f3\u0142owych informacji na ten temat.&nbsp;<\/p>\n<!-- \/wp:paragraph -->\n\n<!-- wp:heading {\"level\":3} -->\n<h3><strong>Czy Wielka P\u0119tla Wielkopolski jako szlak kajakowy jest trudna?<\/strong>&nbsp;<\/h3>\n<!-- \/wp:heading -->\n\n<!-- wp:paragraph -->\n<p>Nie, p\u0142ywanie po Warcie i Noteci jest stosunkowo proste i bezproblemowe. Na obu rzekach nie wyst\u0119puj\u0105 przeszkody na wodzie, takie jak zatopione k\u0142ody czy przenoski na zaporach. Nurt nie jest silny, nale\u017cy jednak pami\u0119ta\u0107 \u017ce Warta jest du\u017c\u0105 rzek\u0105 a odleg\u0142o\u015b\u0107 od \u015brodka nurtu do brzegu mo\u017ce wynosi\u0107 kilkana\u015bcie metr\u00f3w. Na Noteci natrafimy natomiast na 14 \u015bluz.&nbsp;&nbsp;<\/p>\n<!-- \/wp:paragraph -->","_et_gb_content_width":""},"kategorie_stron":[],"acf":false,"_links":{"self":[{"href":"https:\/\/wielka-petla.pl\/en\/wp-json\/wp\/v2\/pages\/1478"}],"collection":[{"href":"https:\/\/wielka-petla.pl\/en\/wp-json\/wp\/v2\/pages"}],"about":[{"href":"https:\/\/wielka-petla.pl\/en\/wp-json\/wp\/v2\/types\/page"}],"author":[{"embeddable":true,"href":"https:\/\/wielka-petla.pl\/en\/wp-json\/wp\/v2\/users\/1"}],"replies":[{"embeddable":true,"href":"https:\/\/wielka-petla.pl\/en\/wp-json\/wp\/v2\/comments?post=1478"}],"version-history":[{"count":6,"href":"https:\/\/wielka-petla.pl\/en\/wp-json\/wp\/v2\/pages\/1478\/revisions"}],"predecessor-version":[{"id":3088,"href":"https:\/\/wielka-petla.pl\/en\/wp-json\/wp\/v2\/pages\/1478\/revisions\/3088"}],"up":[{"embeddable":true,"href":"https:\/\/wielka-petla.pl\/en\/wp-json\/wp\/v2\/pages\/1219"}],"wp:featuredmedia":[{"embeddable":true,"href":"https:\/\/wielka-petla.pl\/en\/wp-json\/wp\/v2\/media\/1930"}],"wp:attachment":[{"href":"https:\/\/wielka-petla.pl\/en\/wp-json\/wp\/v2\/media?parent=1478"}],"wp:term":[{"taxonomy":"kategorie_stron","embeddable":true,"href":"https:\/\/wielka-petla.pl\/en\/wp-json\/wp\/v2\/kategorie_stron?post=1478"}],"curies":[{"name":"wp","href":"https:\/\/api.w.org\/{rel}","templated":true}]}}