{"id":1466,"date":"2021-02-18T13:33:49","date_gmt":"2021-02-18T12:33:49","guid":{"rendered":"https:\/\/wpw.gisgraph.pl\/?page_id=1466"},"modified":"2021-03-24T02:51:07","modified_gmt":"2021-03-24T01:51:07","slug":"czarter-lodzi","status":"publish","type":"page","link":"https:\/\/wielka-petla.pl\/en\/wpw-dla-jachtow\/czarter-lodzi\/","title":{"rendered":"Rent a boat"},"content":{"rendered":"\n<p>Having your own boat might be problematic or a bit too expensive. Also, you may like going for a cruise only one or twice a year. Or maybe you say that vacation is for rest, not for keeping in mind all this maintenance stuff. What then? Well, no problem! You may use one of the many boat rental companies available. Here we provide you a list of those we recommend.<\/p>\n\n\n\n<hr class=\"wp-block-separator\"\/>\n\n\n\n<ol><li><em>Czarterjacht<\/em>\u202f\u2013 ul. Zachodnia 5,\u00a0Pysz\u0105ca, 63-100 \u015arem, tel. 506 425 045, 509 916 005, e-mail:\u202f<a rel=\"noreferrer noopener\" href=\"mailto:biuro@czarterjacht.eu\" target=\"_blank\">biuro@czarterjacht.eu<\/a>,\u202f<a rel=\"noreferrer noopener\" href=\"http:\/\/www.czarterjacht.eu\/\" target=\"_blank\">www.czarterjacht.eu<\/a>\u202f\u00a0<\/li><\/ol>\n\n\n\n<ol start=\"2\"><li><em>\u017begluga na Warcie<\/em>\u202f\u2013 tel. 602 55 67 88,\u202f<a href=\"http:\/\/www.zegluganawarcie.pl\/\" target=\"_blank\" rel=\"noreferrer noopener\">www.zegluganawarcie.pl<\/a>;&nbsp;<\/li><\/ol>\n\n\n\n<ol start=\"3\"><li><em>Warta Czarter<\/em>\u202f\u2013 ul. Parkowa 22, 62-002 Suchy Las, biuro@qartaczarter.pl,\u202f<a href=\"http:\/\/www.wartaczarter.pl\/\" target=\"_blank\" rel=\"noreferrer noopener\">www.wartaczarter.pl<\/a>\u202f&nbsp;<\/li><\/ol>\n\n\n\n<ol start=\"4\"><li><em>Rejsy na Warcie<\/em>\u202f\u2013 ul. Kurpi\u0144skiego, 60-681 Pozna\u0144, tel. 600\u202f184\u202f200,\u202f<a href=\"http:\/\/www.rejsynawarcie.pl\/\" target=\"_blank\" rel=\"noreferrer noopener\">www.rejsynawarcie.pl<\/a>&nbsp;<\/li><\/ol>\n\n\n\n<ol start=\"5\"><li><em>Weekend na wodzie<\/em>\u202f\u2013 ul. Promienista 19, 64-300 Papro\u0107, tel. 602\u202f603\u202f229, 600\u202f187\u202f073,\u202f<a href=\"http:\/\/www.weekendnawodzie.pl\/\" target=\"_blank\" rel=\"noreferrer noopener\">www.weekendnawodzie.pl<\/a>&nbsp;<\/li><\/ol>\n\n\n\n<ol start=\"6\"><li><em>Wakacje na barce<\/em>\u202f\u2013 tel.\u202f508\u202f370 048, office@ingev.com,\u202f<a href=\"http:\/\/www.wakacjenabarce.pl\/\" target=\"_blank\" rel=\"noreferrer noopener\">www.wakacjenabarce.pl<\/a>&nbsp;<\/li><\/ol>\n\n\n\n<ol start=\"7\"><li><em>Wypo\u017cyczalnia Kajak\u00f3w Robert&nbsp;<\/em><em>Boch<\/em>\u202f\u2013 ul. Daszy\u0144skiego 14, 64-760 Krzy\u017c Wlkp., tel. 514\u202f929\u202f277,\u202f<a href=\"http:\/\/www.splyw-kajakowy-drawa.pl\/\" target=\"_blank\" rel=\"noreferrer noopener\">www.splyw-kajakowy-drawa.pl<\/a>.&nbsp;<\/li><\/ol>\n\n\n\n<ol start=\"8\"><li><em>Kajaczki Pi\u0142a<\/em>\u202f\u2013 ul. Staromiejska 70\/16, 64-920 Pi\u0142a, tel. 508\u202f285\u202f883,\u202f<a href=\"http:\/\/www.kajaczki.pila.pl\/\" target=\"_blank\" rel=\"noreferrer noopener\">www.kajaczki.pila.pl<\/a>, kajaczki.pila@vp.pl&nbsp;<\/li><\/ol>\n\n\n\n<ol start=\"9\"><li><em>Klub Nenufar<\/em>\u202f\u2013 ul. Boczna 21, 64-000 Ko\u015bcian, tel. 695\u202f741\u202f212,\u202f<a href=\"http:\/\/www.nenufarclub.pl\/\" target=\"_blank\" rel=\"noreferrer noopener\">www.nenufarclub.pl<\/a>&nbsp;<\/li><\/ol>\n\n\n\n<ol start=\"10\"><li><em>Aktywnie nad wod\u0105<\/em>\u202f\u2013 ul. D\u0142uga 61, 62-022 Radzewice, tel. 663 582 244,\u202f<a href=\"http:\/\/kajakidudek.pl\/\" target=\"_blank\" rel=\"noreferrer noopener\">www.kajakidudek.pl<\/a>&nbsp;<\/li><\/ol>\n\n\n\n<ol start=\"11\"><li><em>Szlak Konwaliowy<\/em>\u202f\u2013 ul. Wierzbowa 10, 64-140 Boszkowo-Letnisko, tel. 502\u202f512 024,\u202f<a href=\"http:\/\/www.szlakkonwaliowy.pl\/\" target=\"_blank\" rel=\"noreferrer noopener\">www.szlakkonwaliowy.pl<\/a>&nbsp;<\/li><\/ol>\n\n\n\n<ol start=\"12\"><li><em>OSK&nbsp;<\/em><em>Tarchalski<\/em>\u202f\u2013 Grab\u00f3w W\u00f3jtostwo 2, 53-520 Grab\u00f3w nad Prosn\u0105, tel. 605 782 224,\u202f<a href=\"http:\/\/www.kajaki.osk-tarchalski.pl\/\" target=\"_blank\" rel=\"noreferrer noopener\">www.kajaki.osk-tarchalski.pl<\/a>&nbsp;<\/li><\/ol>\n\n\n\n<ol start=\"13\"><li><em>ZAZ Promyk<\/em>\u202f\u2013 ul. Jaroci\u0144ska 35A, 63-210 \u017berk\u00f3w, tel. 62\u202f740 20 52,\u202f<a href=\"http:\/\/www.zaz-promyk.pl\/\" target=\"_blank\" rel=\"noreferrer noopener\">www.zaz-promyk.pl<\/a>&nbsp;<\/li><\/ol>\n\n\n\n<ol start=\"14\"><li><em>Kajaki \u017berk\u00f3w<\/em>\u202f\u2013 ul. Parkowa 1, 63-210 \u017berk\u00f3w, tel. 501\u202f793\u202f468,\u202f<a href=\"http:\/\/www.kajakizerkow.pl\/\" target=\"_blank\" rel=\"noreferrer noopener\">www.kajakizerkow.pl<\/a>&nbsp;<\/li><\/ol>\n\n\n\n<ol start=\"15\"><li><em>Horyzont Joanna Grochowska-<\/em><em>Ludzkowska<\/em>\u202f\u2013 ul. Powsta\u0144c\u00f3w Styczniowych 2, 62-510 Konin tel. 601 997\u202f581,\u202f<a href=\"mailto:czarter@warta-goplo.pl\" target=\"_blank\" rel=\"noreferrer noopener\">czarter@warta-goplo.pl<\/a>,<a href=\"http:\/\/www.warta-goplo.pl\/\" target=\"_blank\" rel=\"noreferrer noopener\">www.warta-goplo.pl<\/a>&nbsp;<\/li><\/ol>\n\n\n\n<ol start=\"16\"><li><em>water&amp;world<\/em>\u202f\u2013 ul. Targowa 40, 62-340 Pyzdry, tel. 61 850 11 44, 513 651 340,\u202f<a href=\"mailto:info@waterandworld.pl\" target=\"_blank\" rel=\"noreferrer noopener\">info@waterandworld.pl<\/a>,\u202f<a href=\"http:\/\/www.waterandworld.pl\/\" target=\"_blank\" rel=\"noreferrer noopener\">www.waterandworld.pl<\/a>,&nbsp;<\/li><\/ol>\n\n\n\n<ol start=\"17\"><li><em>E&amp;T Marine Wypo\u017cyczalnia Sprz\u0119tu Wodnego<\/em>, ul. Napoleona 15b, 62-261 \u015alesin, tel. 601 353 103, 601 210 224, 601 141 445,\u202f<a href=\"mailto:biuro@etmarine.pl\" target=\"_blank\" rel=\"noreferrer noopener\">biuro@etmarine.pl<\/a>,&nbsp;<\/li><\/ol>\n\n\n\n<ol start=\"18\"><li><em>O\u015brodek Szkoleniowo-Wypoczynkowy Gwarek<\/em>, ul.&nbsp;Le\u015bna&nbsp;5, 62-561&nbsp;\u015alesin, tel. 63 270 41 32,\u202f<a href=\"mailto:recepcja@gwarekslesin.pl\" target=\"_blank\" rel=\"noreferrer noopener\">recepcja@gwarekslesin.pl<\/a>,&nbsp;<\/li><\/ol>\n\n\n\n<ol start=\"19\"><li><em>Koni\u0144ski Klub Kajakowy i Sport\u00f3w Wodnych<\/em>, ul. Urbanowskiej 16, 62-500 Konin, tel. 605 897 906,&nbsp;<\/li><\/ol>\n\n\n\n<ol start=\"20\"><li><em>Finezja s.c.<\/em>, ul. Brzechwy 27\/2, 63-100 \u015arem, tel. 669 166 732, 603 137 788,\u202f<a href=\"mailto:biuro@statekbajka.pl\" target=\"_blank\" rel=\"noreferrer noopener\">biuro@statekbajka.pl<\/a>,\u202fwww.statekbajka.pl,&nbsp;<\/li><\/ol>\n\n\n\n<ol start=\"21\"><li><em>DIsport<\/em><em>&nbsp;Izabela Dylewska<\/em>, ul. Wilcza 16, 61-065 Pozna\u0144, tel. 609 661 679, 605 592 684,\u202f<a href=\"mailto:disport@disport.com.pl\" target=\"_blank\" rel=\"noreferrer noopener\">disport@disport.com.pl<\/a>,\u202fwww.disport.com.pl,&nbsp;<\/li><\/ol>\n\n\n\n<ol start=\"22\"><li><em>Delfin<\/em>, ul. Szkolna 7, 64-600 D\u0105br\u00f3wka Le\u015bna, tel. 607387952,\u202f<a href=\"mailto:biuro@nauka-plywania.pl\" target=\"_blank\" rel=\"noreferrer noopener\">biuro@nauka-plywania.pl<\/a>,\u202f<a href=\"http:\/\/www.nauka-plywania.pl\/\" target=\"_blank\" rel=\"noreferrer noopener\">www.nauka-plywania.pl<\/a>,&nbsp;<\/li><\/ol>\n\n\n\n<ol start=\"23\"><li><em>Swim<\/em><em>&nbsp;Live<\/em>, ul. Le\u015bniaka 11, 64-600 Oborniki, tel. 606 877 613,\u202f<a href=\"mailto:b.fabke@swimlive.pl\" target=\"_blank\" rel=\"noreferrer noopener\">b.fabke@swimlive.pl<\/a>,\u202f<a href=\"http:\/\/www.swimlive.pl\/\" target=\"_blank\" rel=\"noreferrer noopener\">www.swimlive.pl<\/a>&nbsp;<\/li><\/ol>\n\n\n\n<ol start=\"24\"><li><em>O\u015brodek Sportu i Rekreacji<\/em>, ul. Pozna\u0144ska 28, 64-410 Sierak\u00f3w, tel. 61 295 28 68&nbsp;<\/li><\/ol>\n\n\n\n<ol start=\"25\"><li><em>Stanica Kajakowa<\/em>, ul. Wa\u0142y Jana Kazimierza, 64-400 Mi\u0119dzych\u00f3d, tel. 667 277 560,\u202f<a href=\"http:\/\/www.czarny-kajaki.pl\/\" target=\"_blank\" rel=\"noreferrer noopener\">www.czarny-kajaki.pl<\/a>&nbsp;<\/li><\/ol>\n\n\n\n<ol start=\"26\"><li><em>Dw\u00f3r i Stajnia D\u0119bog\u00f3ra<\/em>, D\u0119bog\u00f3ra 18, 64-730 Wiele\u0144, tel. 67 256 03 26,\u202f<a href=\"mailto:rezerwacje@debogora.pl\" target=\"_blank\" rel=\"noreferrer noopener\">rezerwacje@debogora.pl<\/a>,\u202f<a href=\"http:\/\/www.debogora.pl\/\" target=\"_blank\" rel=\"noreferrer noopener\">www.debogora.pl<\/a>&nbsp;<\/li><\/ol>\n\n\n\n<ol start=\"27\"><li><em>Meta na Drawie<\/em>, \u0141okacz Wielki 54, 64-761 Krzy\u017c Wlkp., tel. 662 728 361, kasiaenglot2010@wp.pl&nbsp;<\/li><\/ol>\n","protected":false},"excerpt":{"rendered":"<p>Having your own boat might be problematic or a bit too expensive. Also, you may like going for a cruise only one or twice a year. Or maybe you say that vacation is for rest, not for keeping in mind all this maintenance stuff. What then? Well, no problem! You may use one of the [&hellip;]<\/p>\n","protected":false},"author":1,"featured_media":3045,"parent":983,"menu_order":0,"comment_status":"closed","ping_status":"closed","template":"","meta":{"_et_pb_use_builder":"off","_et_pb_old_content":"","_et_gb_content_width":""},"kategorie_stron":[],"acf":false,"_links":{"self":[{"href":"https:\/\/wielka-petla.pl\/en\/wp-json\/wp\/v2\/pages\/1466"}],"collection":[{"href":"https:\/\/wielka-petla.pl\/en\/wp-json\/wp\/v2\/pages"}],"about":[{"href":"https:\/\/wielka-petla.pl\/en\/wp-json\/wp\/v2\/types\/page"}],"author":[{"embeddable":true,"href":"https:\/\/wielka-petla.pl\/en\/wp-json\/wp\/v2\/users\/1"}],"replies":[{"embeddable":true,"href":"https:\/\/wielka-petla.pl\/en\/wp-json\/wp\/v2\/comments?post=1466"}],"version-history":[{"count":4,"href":"https:\/\/wielka-petla.pl\/en\/wp-json\/wp\/v2\/pages\/1466\/revisions"}],"predecessor-version":[{"id":3109,"href":"https:\/\/wielka-petla.pl\/en\/wp-json\/wp\/v2\/pages\/1466\/revisions\/3109"}],"up":[{"embeddable":true,"href":"https:\/\/wielka-petla.pl\/en\/wp-json\/wp\/v2\/pages\/983"}],"wp:featuredmedia":[{"embeddable":true,"href":"https:\/\/wielka-petla.pl\/en\/wp-json\/wp\/v2\/media\/3045"}],"wp:attachment":[{"href":"https:\/\/wielka-petla.pl\/en\/wp-json\/wp\/v2\/media?parent=1466"}],"wp:term":[{"taxonomy":"kategorie_stron","embeddable":true,"href":"https:\/\/wielka-petla.pl\/en\/wp-json\/wp\/v2\/kategorie_stron?post=1466"}],"curies":[{"name":"wp","href":"https:\/\/api.w.org\/{rel}","templated":true}]}}