{"id":1054,"date":"2021-02-16T15:05:49","date_gmt":"2021-02-16T14:05:49","guid":{"rendered":"https:\/\/wpw.gisgraph.pl\/?page_id=1054"},"modified":"2021-03-16T10:55:22","modified_gmt":"2021-03-16T09:55:22","slug":"sluzy-kanal-slesinski","status":"publish","type":"page","link":"https:\/\/wielka-petla.pl\/en\/wpw-dla-jachtow\/sluzy\/sluzy-kanal-slesinski\/","title":{"rendered":"\u015aluzy &#8211; Kana\u0142 \u015alesi\u0144ski"},"content":{"rendered":"\n<div class=\"wp-block-columns\">\n<div class=\"wp-block-column\">\n<h2>NAK\u0141O ZACH\u00d3D (42,70 km)<\/h2>\n\n\n\n<p>Godziny otwarcia:<br>W sezonie (1 czerwca \u2013 30 wrze\u015bnia): pn \u2013 pt 09:00 \u2013 18:00 | sob, nd i \u015bwi\u0119ta 10:00 \u2013 16:00<br>Poza sezonem: pn \u2013 pt 07:00 \u2013 16:00 | sob, nd i \u015bwi\u0119ta po wcze\u015bniejszym zg\u0142oszeniu<br>Telefon: +48 606 774 127<\/p>\n\n\n\n<h2>GROMADNO (53,40 km)<\/h2>\n\n\n\n<p>Godziny otwarcia:<br>W sezonie (1 czerwca \u2013 30 wrze\u015bnia): pn \u2013 pt 09:00 \u2013 18:00 | sob, nd i \u015bwi\u0119ta 10:00 \u2013 16:00<br>Poza sezonem: pn \u2013 pt 07:00 \u2013 16:00 | sob, nd i po wcze\u015bniejszym zg\u0142oszeniu<br>Telefon: +48 606 774 136<\/p>\n\n\n\n<h2>KROSTKOWO (68,20 km)<\/h2>\n\n\n\n<p>Godziny otwarcia:<br>W sezonie (1 czerwca \u2013 30 wrze\u015bnia): pn \u2013 pt 09:00 \u2013 18:00 | sob, nd i \u015bwi\u0119ta 10:00 \u2013 16:00<br>Poza sezonem: pn \u2013 pt 07:00 \u2013 16:00 | sob, nd i \u015bwi\u0119ta po wcze\u015bniejszym zg\u0142oszeniu<br>Telefon: +48 67 28 33 726<\/p>\n\n\n\n<h2>NOWE (111,86 km)<\/h2>\n\n\n\n<p>Godziny otwarcia:<br>W sezonie (1 czerwca \u2013 30 wrze\u015bnia): pn \u2013 pt 09:00 \u2013 18:00 | sob, nd i \u015bwi\u0119ta 10:00 \u2013 16:00<br>Poza sezonem: pn \u2013 pt 07:00 \u2013 16:00 | sob, nd i \u015bwi\u0119ta po wcze\u015bniejszym zg\u0142oszeniu<br>Telefon: +48 608 582 351<\/p>\n\n\n\n<h2>WALKOWICE (117,73 km)<\/h2>\n\n\n\n<p>Godziny otwarcia:<br>W sezonie (1 czerwca \u2013 30 wrze\u015bnia): pn \u2013 pt 09:00 \u2013 18:00 | sob, nd i \u015bwi\u0119ta 10:00 \u2013 16:00<br>Poza sezonem: pn \u2013 pt 07:00 \u2013 16:00 | sob, nd i \u015bwi\u0119ta po wcze\u015bniejszym zg\u0142oszeniu<br>Telefon: +48 606 774 142<\/p>\n\n\n\n<h2>ROMANOWO (122,66 km)<\/h2>\n\n\n\n<p>Godziny otwarcia:<br>W sezonie (1 czerwca \u2013 30 wrze\u015bnia): pn \u2013 pt 09:00 \u2013 18:00 | sob, nd i \u015bwi\u0119ta 10:00 \u2013 16:00<br>Poza sezonem: pn \u2013 pt 07:00 \u2013 16:00 | sob, nd i \u015bwi\u0119ta po wcze\u015bniejszym zg\u0142oszeniu<br>Telefon: +48 606 774 143<\/p>\n\n\n\n<h2>LIPICA (128,33 km)<\/h2>\n\n\n\n<p>Godziny otwarcia:<br>W sezonie (1 czerwca \u2013 30 wrze\u015bnia): pn \u2013 pt 09:00 \u2013 18:00 | sob, nd i \u015bwi\u0119ta 10:00 \u2013 16:00<br>Poza sezonem: pn \u2013 pt 07:00 \u2013 16:00 | sob, nd i \u015bwi\u0119ta po wcze\u015bniejszym zg\u0142oszeniu<br>Tel.:+48 696 720 877<\/p>\n<\/div>\n\n\n\n<div class=\"wp-block-column\">\n<h2>PIAN\u00d3WKA (136,21 km)<\/h2>\n\n\n\n<p>Godziny otwarcia:<br>W sezonie (1 czerwca \u2013 30 wrze\u015bnia): pn \u2013 pt 09:00 \u2013 18:00 | sob, nd i \u015bwi\u0119ta 10:00 \u2013 16:00<br>Poza sezonem: pn \u2013 pt 07:00 \u2013 16:00 | sob, nd i \u015bwi\u0119ta po wcze\u015bniejszym zg\u0142oszeniu<br>Telefon: +48 696 721 029<\/p>\n\n\n\n<h2>MIKO\u0141AJEWO (143,14 km)<\/h2>\n\n\n\n<p>Godziny otwarcia:<br>W sezonie (1 czerwca \u2013 30 wrze\u015bnia): pn \u2013 pt 09:00 \u2013 18:00 | sob, nd i \u015bwi\u0119ta 10:00 \u2013 16:00<br>Poza sezonem: pn \u2013 pt 07:00 \u2013 16:00 | sob, nd i \u015bwi\u0119ta po wcze\u015bniejszym zg\u0142oszeniu<br>Telefon: +48 696 721 092<\/p>\n\n\n\n<h2>ROSKO (148,84 km)<\/h2>\n\n\n\n<p>Godziny otwarcia:<br>W sezonie (1 czerwca \u2013 30 wrze\u015bnia): pn \u2013 pt 09:00 \u2013 18:00 | sob, nd i \u015bwi\u0119ta 10:00 \u2013 16:00<br>Poza sezonem: pn \u2013 pt 07:00 \u2013 16:00 | sob, nd i \u015bwi\u0119ta po wcze\u015bniejszym zg\u0142oszeniu<br>Tel.:+48 666 879 013<\/p>\n\n\n\n<h2>WRZESZCZYNA (155,53 km)<\/h2>\n\n\n\n<p>Godziny otwarcia:<br>W sezonie (1 czerwca \u2013 30 wrze\u015bnia): pn \u2013 pt 09:00 \u2013 18:00 | sob, nd i \u015bwi\u0119ta 10:00 \u2013 16:00<br>Poza sezonem: pn \u2013 pt 07:00 \u2013 16:00 | sob, nd i \u015bwi\u0119ta po wcze\u015bniejszym zg\u0142oszeniu<br>Telefon: +48 67 25 61 096<\/p>\n\n\n\n<h2>WIELE\u0143 (161,50 km)<\/h2>\n\n\n\n<p>Godziny otwarcia:<br>W sezonie (1 czerwca \u2013 30 wrze\u015bnia): pn \u2013 pt 09:00 \u2013 18:00 | sob, nd i \u015bwi\u0119ta 10:00 \u2013 16:00<br>Poza sezonem: pn \u2013 pt 07:00 \u2013 16:00 | sob, nd i \u015bwi\u0119ta po wcze\u015bniejszym zg\u0142oszeniu<br>Telefon: +48 67 2561 065<\/p>\n\n\n\n<h2>DRAWSKO (170,97 km)<\/h2>\n\n\n\n<p>Godziny otwarcia:<br>W sezonie (1 czerwca \u2013 30 wrze\u015bnia): pn \u2013 pt 09:00 \u2013 18:00 | sob, nd i \u015bwi\u0119ta 10:00 \u2013 16:00<br>Poza sezonem: pn \u2013 pt 07:00 \u2013 16:00 | sob, nd i \u015bwi\u0119ta po wcze\u015bniejszym zg\u0142oszeniu<br>Telefon: +48 67 25 69 641<\/p>\n\n\n\n<h2>KRZY\u017b (176,20 km)<\/h2>\n\n\n\n<p>Godziny otwarcia:<br>W sezonie (1 czerwca \u2013 30 wrze\u015bnia): pn \u2013 pt 09:00 \u2013 18:00 | sob, nd i \u015bwi\u0119ta 10:00 \u2013 16:00<br>Poza sezonem: pn \u2013 pt 07:00 \u2013 16:00 | sob, nd i \u015bwi\u0119ta po wcze\u015bniejszym<br>Telefon: +48 67 25 64\u202f254<\/p>\n<\/div>\n<\/div>\n\n\n\n<p><\/p>\n","protected":false},"excerpt":{"rendered":"<p>NAK\u0141O ZACH\u00d3D (42,70 km) Godziny otwarcia:W sezonie (1 czerwca \u2013 30 wrze\u015bnia): pn \u2013 pt 09:00 \u2013 18:00 | sob, nd i \u015bwi\u0119ta 10:00 \u2013 16:00Poza sezonem: pn \u2013 pt 07:00 \u2013 16:00 | sob, nd i \u015bwi\u0119ta po wcze\u015bniejszym zg\u0142oszeniuTelefon: +48 606 774 127 GROMADNO (53,40 km) Godziny otwarcia:W sezonie (1 czerwca \u2013 30 [&hellip;]<\/p>\n","protected":false},"author":1,"featured_media":0,"parent":2961,"menu_order":0,"comment_status":"closed","ping_status":"closed","template":"","meta":{"_et_pb_use_builder":"off","_et_pb_old_content":"","_et_gb_content_width":""},"kategorie_stron":[13],"acf":false,"_links":{"self":[{"href":"https:\/\/wielka-petla.pl\/en\/wp-json\/wp\/v2\/pages\/1054"}],"collection":[{"href":"https:\/\/wielka-petla.pl\/en\/wp-json\/wp\/v2\/pages"}],"about":[{"href":"https:\/\/wielka-petla.pl\/en\/wp-json\/wp\/v2\/types\/page"}],"author":[{"embeddable":true,"href":"https:\/\/wielka-petla.pl\/en\/wp-json\/wp\/v2\/users\/1"}],"replies":[{"embeddable":true,"href":"https:\/\/wielka-petla.pl\/en\/wp-json\/wp\/v2\/comments?post=1054"}],"version-history":[{"count":1,"href":"https:\/\/wielka-petla.pl\/en\/wp-json\/wp\/v2\/pages\/1054\/revisions"}],"predecessor-version":[{"id":1056,"href":"https:\/\/wielka-petla.pl\/en\/wp-json\/wp\/v2\/pages\/1054\/revisions\/1056"}],"up":[{"embeddable":true,"href":"https:\/\/wielka-petla.pl\/en\/wp-json\/wp\/v2\/pages\/2961"}],"wp:attachment":[{"href":"https:\/\/wielka-petla.pl\/en\/wp-json\/wp\/v2\/media?parent=1054"}],"wp:term":[{"taxonomy":"kategorie_stron","embeddable":true,"href":"https:\/\/wielka-petla.pl\/en\/wp-json\/wp\/v2\/kategorie_stron?post=1054"}],"curies":[{"name":"wp","href":"https:\/\/api.w.org\/{rel}","templated":true}]}}