{"id":1051,"date":"2021-02-16T15:02:22","date_gmt":"2021-02-16T14:02:22","guid":{"rendered":"https:\/\/wpw.gisgraph.pl\/?page_id=1051"},"modified":"2021-03-19T16:44:54","modified_gmt":"2021-03-19T15:44:54","slug":"sluzy-notec","status":"publish","type":"page","link":"https:\/\/wielka-petla.pl\/en\/wpw-dla-jachtow\/sluzy\/sluzy-notec\/","title":{"rendered":"Locks on Note\u0107 river"},"content":{"rendered":"\n<div class=\"wp-block-columns\">\n<div class=\"wp-block-column\">\n<h2><strong>NAK\u0141O WEST (42,70 km)<\/strong><\/h2>\n\n\n\n<p>Opening hours:<br>High season (1 Jun &#8211; 30 Sep): Monday &#8211; Friday 09:00 &#8211; 18:00 | Weekends 10:00 &#8211; 16:00<br>Low season: Monday &#8211; Friday 07:00 &#8211; 16:00 | Weekends only upon prior notification &nbsp;<br>Telefon: +48 606 774 127<\/p>\n\n\n\n<h3><strong>GROMADNO (53,40 km)<\/strong><\/h3>\n\n\n\n<p>Godziny otwarcia:<br>High season (1 Jun &#8211; 30 Sep): Monday &#8211; Friday 09:00 &#8211; 18:00 | Weekends 10:00 &#8211; 16:00<br>Low season: Monday &#8211; Friday 07:00 &#8211; 16:00 | Weekends only upon prior notification<br>Telefon: +48 606 774 136<\/p>\n\n\n\n<h3><strong>KROSTKOWO (68,20 km)<\/strong><\/h3>\n\n\n\n<p>Opening hours:<br>High season (1 Jun &#8211; 30 Sep): Monday &#8211; Friday 09:00 &#8211; 18:00 | Weekends 10:00 &#8211; 16:00<br>Low season: Monday &#8211; Friday 07:00 &#8211; 16:00 | Weekends only upon prior notification<br>Telefon: +48 67 28 33 726<\/p>\n\n\n\n<h3><strong>NOWE (111,86 km)<\/strong><\/h3>\n\n\n\n<p>Opening hours:<br>High season (1 Jun &#8211; 30 Sep): Monday &#8211; Friday 09:00 &#8211; 18:00 | Weekends 10:00 &#8211; 16:00<br>Low season: Monday &#8211; Friday 07:00 &#8211; 16:00 | Weekends only upon prior notification &nbsp;<br>Telefon: +48 608 582 351<\/p>\n\n\n\n<h3><strong>WALKOWICE (117,73 km)<\/strong><\/h3>\n\n\n\n<p>Opening hours:<br>High season (1 Jun &#8211; 30 Sep): Monday &#8211; Friday 09:00 &#8211; 18:00 | Weekends 10:00 &#8211; 16:00<br>Low season: Monday &#8211; Friday 07:00 &#8211; 16:00 | Weekends only upon prior notification &nbsp;<br>Telefon: +48 606 774 142<\/p>\n\n\n\n<h3><strong>ROMANOWO (122,66 km)<\/strong><\/h3>\n\n\n\n<p>Opening hours:<br>High season (1 Jun &#8211; 30 Sep): Monday &#8211; Friday 09:00 &#8211; 18:00 | Weekends 10:00 &#8211; 16:00<br>Low season: Monday &#8211; Friday 07:00 &#8211; 16:00 | Weekends only upon prior notification &nbsp;<br>Telefon: +48 606 774 143<\/p>\n\n\n\n<h3><strong>LIPICA (128,33 km)<\/strong><\/h3>\n\n\n\n<p>Opening hours:<br>High season (1 Jun &#8211; 30 Sep): Monday &#8211; Friday 09:00 &#8211; 18:00 | Weekends 10:00 &#8211; 16:00<br>Low season: Monday &#8211; Friday 07:00 &#8211; 16:00 | Weekends only upon prior notification &nbsp;<br>Tel.:+48 &nbsp;696 720 877<\/p>\n<\/div>\n\n\n\n<div class=\"wp-block-column\">\n<h3><strong>PIAN\u00d3WKA (136,21 km)<\/strong><\/h3>\n\n\n\n<p>Opening hours:<br>High season (1 Jun &#8211; 30 Sep): Monday &#8211; Friday 09:00 &#8211; 18:00 | Weekends 10:00 &#8211; 16:00<br>Low season: Monday &#8211; Friday 07:00 &#8211; 16:00 | Weekends only upon prior notification<br>Telefon: +48 696 721 029<\/p>\n\n\n\n<h3><strong>MIKO\u0141AJEWO (143,14 km)<\/strong><\/h3>\n\n\n\n<p>Opening hours:<br>High season (1 Jun &#8211; 30 Sep): Monday &#8211; Friday 09:00 &#8211; 18:00 | Weekends 10:00 &#8211; 16:00<br>Low season: Monday &#8211; Friday 07:00 &#8211; 16:00 | Weekends only upon prior notification &nbsp;<br>Telefon: +48 696 721 092<\/p>\n\n\n\n<h3><strong>ROSKO (148,84 km)<\/strong><\/h3>\n\n\n\n<p>Opening hours:<br>High season (1 Jun &#8211; 30 Sep): Monday &#8211; Friday 09:00 &#8211; 18:00 | Weekends 10:00 &#8211; 16:00<br>Low season: Monday &#8211; Friday 07:00 &#8211; 16:00 | Weekends only upon prior notification &nbsp;<br>Tel.:+48 666 879 013<\/p>\n\n\n\n<h3><strong>WRZESZCZYNA (155,53 km)<\/strong><\/h3>\n\n\n\n<p>Opening hours:<br>High season (1 Jun &#8211; 30 Sep): Monday &#8211; Friday 09:00 &#8211; 18:00 | Weekends 10:00 &#8211; 16:00<br>Low season: Monday &#8211; Friday 07:00 &#8211; 16:00 | Weekends only upon prior notification &nbsp;<br>Telefon: +48 67 25 61 096<\/p>\n\n\n\n<h3><strong>WIELE\u0143 (161,50 km)<\/strong><\/h3>\n\n\n\n<p>Opening hours:<br>High season (1 Jun &#8211; 30 Sep): Monday &#8211; Friday 09:00 &#8211; 18:00 | Weekends 10:00 &#8211; 16:00<br>Low season: Monday &#8211; Friday 07:00 &#8211; 16:00 | Weekends only upon prior notification &nbsp;<br>Telefon: +48 67 2561 065<\/p>\n\n\n\n<h3><strong>DRAWSKO (170,97 km)<\/strong><\/h3>\n\n\n\n<p>Opening hours:<br>High season (1 Jun &#8211; 30 Sep): Monday &#8211; Friday 09:00 &#8211; 18:00 | Weekends 10:00 &#8211; 16:00<br>Low season: Monday &#8211; Friday 07:00 &#8211; 16:00 | Weekends only upon prior notification &nbsp;<br>Telefon: +48 67 25 69 641<\/p>\n\n\n\n<h3><strong>KRZY\u017b (176,20 km)<\/strong><\/h3>\n\n\n\n<p>Opening hours:<br>High season (1 Jun &#8211; 30 Sep): Monday &#8211; Friday 09:00 &#8211; 18:00 | Weekends 10:00 &#8211; 16:00<br>Low season: pn \u2013 pt 07:00 \u2013 16:00 | sob, nd i \u015bwi\u0119ta po wcze\u015bniejszym<br>Telefon: +48 67 25 64&nbsp;254<\/p>\n<\/div>\n<\/div>\n\n\n\n<p><\/p>\n","protected":false},"excerpt":{"rendered":"<p>NAK\u0141O WEST (42,70 km) Opening hours:High season (1 Jun &#8211; 30 Sep): Monday &#8211; Friday 09:00 &#8211; 18:00 | Weekends 10:00 &#8211; 16:00Low season: Monday &#8211; Friday 07:00 &#8211; 16:00 | Weekends only upon prior notification &nbsp;Telefon: +48 606 774 127 GROMADNO (53,40 km) Godziny otwarcia:High season (1 Jun &#8211; 30 Sep): Monday &#8211; Friday [&hellip;]<\/p>\n","protected":false},"author":1,"featured_media":0,"parent":2961,"menu_order":0,"comment_status":"closed","ping_status":"closed","template":"","meta":{"_et_pb_use_builder":"off","_et_pb_old_content":"","_et_gb_content_width":""},"kategorie_stron":[13],"acf":false,"_links":{"self":[{"href":"https:\/\/wielka-petla.pl\/en\/wp-json\/wp\/v2\/pages\/1051"}],"collection":[{"href":"https:\/\/wielka-petla.pl\/en\/wp-json\/wp\/v2\/pages"}],"about":[{"href":"https:\/\/wielka-petla.pl\/en\/wp-json\/wp\/v2\/types\/page"}],"author":[{"embeddable":true,"href":"https:\/\/wielka-petla.pl\/en\/wp-json\/wp\/v2\/users\/1"}],"replies":[{"embeddable":true,"href":"https:\/\/wielka-petla.pl\/en\/wp-json\/wp\/v2\/comments?post=1051"}],"version-history":[{"count":3,"href":"https:\/\/wielka-petla.pl\/en\/wp-json\/wp\/v2\/pages\/1051\/revisions"}],"predecessor-version":[{"id":3100,"href":"https:\/\/wielka-petla.pl\/en\/wp-json\/wp\/v2\/pages\/1051\/revisions\/3100"}],"up":[{"embeddable":true,"href":"https:\/\/wielka-petla.pl\/en\/wp-json\/wp\/v2\/pages\/2961"}],"wp:attachment":[{"href":"https:\/\/wielka-petla.pl\/en\/wp-json\/wp\/v2\/media?parent=1051"}],"wp:term":[{"taxonomy":"kategorie_stron","embeddable":true,"href":"https:\/\/wielka-petla.pl\/en\/wp-json\/wp\/v2\/kategorie_stron?post=1051"}],"curies":[{"name":"wp","href":"https:\/\/api.w.org\/{rel}","templated":true}]}}