{"id":1021,"date":"2021-02-16T14:35:48","date_gmt":"2021-02-16T13:35:48","guid":{"rendered":"https:\/\/wpw.gisgraph.pl\/?page_id=1021"},"modified":"2023-09-29T13:37:59","modified_gmt":"2023-09-29T11:37:59","slug":"wypozyczalnie-kajakow-welna","status":"publish","type":"page","link":"https:\/\/wielka-petla.pl\/en\/wpw-dla-kajakarzy\/wypozyczalnie-kajakow\/wypozyczalnie-kajakow-welna\/","title":{"rendered":"Rent a kayak &#8211; We\u0142na river"},"content":{"rendered":"\n<p>There are many kayak rental comanies in the area. Below we present you with some selected, which we may be sure of good quality of service. Please bear in mind, that some employees might not be fluent with English. We recommend you to contact by email.<\/p>\n\n\n\n<div class=\"wp-block-columns\">\n<div class=\"wp-block-column\">\n<h3><strong>Kajakowo.org<\/strong><\/h3>\n\n\n\n<p>Cie\u015ble 13, Rogo\u017ano<br>+48&nbsp;698&nbsp;175&nbsp;465<br><a href=\"mailto:kajakowo@onet.pl\">kajakowo@onet.pl<\/a><br><a href=\"http:\/\/www.kajakowo.org\/\" target=\"_blank\" rel=\"noreferrer noopener\">www.kajakowo.org<\/a><\/p>\n\n\n\n<h3><strong>Chata nad We\u0142n\u0105<\/strong><\/h3>\n\n\n\n<p>Ro\u017cnowice 38, Rogo\u017ano<br>+48&nbsp;730&nbsp;730&nbsp;731<br><a href=\"mailto:chata.welna@gmail.com\">chata.welna@gmail.com<\/a><br><a href=\"http:\/\/www.rzekawelna.pl\/\" target=\"_blank\" rel=\"noreferrer noopener\">www.rzekawelna.pl<\/a><\/p>\n\n\n\n<h3><strong>Port Nowy M\u0142yn<\/strong><\/h3>\n\n\n\n<p>Nowy M\u0142yn 18, Rogo\u017ano<br>+48&nbsp;509&nbsp;315&nbsp;933<br><a href=\"mailto:port@nowymlyn.com\">port@nowymlyn.com<\/a><br><a href=\"http:\/\/www.nowymlyn.com\/\" target=\"_blank\" rel=\"noreferrer noopener\">www.nowymlyn.com<\/a><\/p>\n<\/div>\n\n\n\n<div class=\"wp-block-column\">\n<h3><strong>Kayak wharf<\/strong> in Rogo\u017ano<\/h3>\n\n\n\n<p>Rogo\u017ano, ul. \u0141\u0105kowa 1<br>+48&nbsp;694&nbsp;627&nbsp;427<br><a href=\"mailto:biuro@kajaki.pw\">biuro@kajaki.pw<\/a><br><a href=\"http:\/\/www.kajaki.pw\/\" target=\"_blank\" rel=\"noreferrer noopener\">www.kajaki.pw<\/a><\/p>\n\n\n\n<h3><strong>M\u0142yn \u2013 Ruda<\/strong><\/h3>\n\n\n\n<p>Ruda 13, Rogo\u017ano<br>+48&nbsp;602&nbsp;887&nbsp;684<br><a href=\"mailto:info@mlynruda.com\">info@mlynruda.com<\/a><br><a href=\"http:\/\/www.mlynruda.pl\/\" target=\"_blank\" rel=\"noreferrer noopener\">www.mlynruda.pl<\/a><\/p>\n<\/div>\n<\/div>\n","protected":false},"excerpt":{"rendered":"<p>There are many kayak rental comanies in the area. Below we present you with some selected, which we may be sure of good quality of service. Please bear in mind, that some employees might not be fluent with English. We recommend you to contact by email. Kajakowo.org Cie\u015ble 13, Rogo\u017ano+48&nbsp;698&nbsp;175&nbsp;465kajakowo@onet.plwww.kajakowo.org Chata nad We\u0142n\u0105 Ro\u017cnowice 38, [&hellip;]<\/p>\n","protected":false},"author":1,"featured_media":0,"parent":975,"menu_order":0,"comment_status":"closed","ping_status":"closed","template":"","meta":{"_et_pb_use_builder":"off","_et_pb_old_content":"","_et_gb_content_width":""},"kategorie_stron":[13],"acf":false,"_links":{"self":[{"href":"https:\/\/wielka-petla.pl\/en\/wp-json\/wp\/v2\/pages\/1021"}],"collection":[{"href":"https:\/\/wielka-petla.pl\/en\/wp-json\/wp\/v2\/pages"}],"about":[{"href":"https:\/\/wielka-petla.pl\/en\/wp-json\/wp\/v2\/types\/page"}],"author":[{"embeddable":true,"href":"https:\/\/wielka-petla.pl\/en\/wp-json\/wp\/v2\/users\/1"}],"replies":[{"embeddable":true,"href":"https:\/\/wielka-petla.pl\/en\/wp-json\/wp\/v2\/comments?post=1021"}],"version-history":[{"count":3,"href":"https:\/\/wielka-petla.pl\/en\/wp-json\/wp\/v2\/pages\/1021\/revisions"}],"predecessor-version":[{"id":3237,"href":"https:\/\/wielka-petla.pl\/en\/wp-json\/wp\/v2\/pages\/1021\/revisions\/3237"}],"up":[{"embeddable":true,"href":"https:\/\/wielka-petla.pl\/en\/wp-json\/wp\/v2\/pages\/975"}],"wp:attachment":[{"href":"https:\/\/wielka-petla.pl\/en\/wp-json\/wp\/v2\/media?parent=1021"}],"wp:term":[{"taxonomy":"kategorie_stron","embeddable":true,"href":"https:\/\/wielka-petla.pl\/en\/wp-json\/wp\/v2\/kategorie_stron?post=1021"}],"curies":[{"name":"wp","href":"https:\/\/api.w.org\/{rel}","templated":true}]}}