{"id":1018,"date":"2021-02-16T14:35:16","date_gmt":"2021-02-16T13:35:16","guid":{"rendered":"https:\/\/wpw.gisgraph.pl\/?page_id=1018"},"modified":"2023-09-29T13:42:17","modified_gmt":"2023-09-29T11:42:17","slug":"wypozyczalnie-kajakow-polnocna-wielkopolska","status":"publish","type":"page","link":"https:\/\/wielka-petla.pl\/en\/wpw-dla-kajakarzy\/wypozyczalnie-kajakow\/wypozyczalnie-kajakow-polnocna-wielkopolska\/","title":{"rendered":"Rent a kayak &#8211; Northern Wielkopolska"},"content":{"rendered":"\n<p>There are many kayak rental comanies in the area. Below we present you with some selected, which we may be sure of good quality of service. Please bear in mind, that some employees might not be fluent with English. We recommend you to contact by email.<\/p>\n\n\n\n<div class=\"wp-block-columns\">\n<div class=\"wp-block-column\">\n<p> <\/p>\n\n\n\n<h3><strong>Wodnik<\/strong><\/h3>\n\n\n\n<p>Margonin, ul. Budzy\u0144ska 3<br>+48&nbsp;785&nbsp;502&nbsp;464<br><a href=\"http:\/\/www.wodnik-margonin.pl\/\" target=\"_blank\" rel=\"noreferrer noopener\">www.wodnik-margonin.pl<\/a><\/p>\n\n\n\n<h3><strong>Splywajcie.pl<\/strong><\/h3>\n\n\n\n<p>Krajenka, ul. Okr\u0119\u017cna 3<br>+48&nbsp;881&nbsp;209&nbsp;264<br><a href=\"mailto:biuro@splywajcie.pl\">biuro@splywajcie.pl<\/a><br><a href=\"http:\/\/www.splywajcie.pl\/\" target=\"_blank\" rel=\"noreferrer noopener\">www.splywajcie.pl<\/a><\/p>\n\n\n\n<h3><strong>Bajokajaki<\/strong><\/h3>\n\n\n\n<p>Z\u0142ot\u00f3w, ul. Brzuchalskiego 28<br>+48&nbsp;510&nbsp;896 380<br><a href=\"mailto:biuro@bajokajaki.pl\">biuro@bajokajaki.pl<\/a><br><a href=\"http:\/\/www.bajokajaki.pl\/\" target=\"_blank\" rel=\"noreferrer noopener\">www.bajokajaki.pl<\/a><\/p>\n<\/div>\n\n\n\n<div class=\"wp-block-column\">\n<p> <\/p>\n\n\n\n<h3><strong>Kajaki u Kr\u00f3la<\/strong><\/h3>\n\n\n\n<p>W\u0105soszki 15, Krajenka<br>+48&nbsp;698&nbsp;539&nbsp;501<br><a href=\"mailto:info@ukrola.com.pl\">info@ukrola.com.pl<\/a><br><a href=\"http:\/\/www.ukrola.com.pl\/\" target=\"_blank\" rel=\"noreferrer noopener\">www.ukrola.com.pl<\/a><\/p>\n\n\n\n<h3><strong>Przysta\u0144 Przygoda<\/strong><\/h3>\n\n\n\n<p>Ul. Wojska Polskiego 66A<br>64-800 Chodzie\u017c<br>Tel.:+ 48&nbsp;512&nbsp;144&nbsp;988<br><a href=\"mailto:strumnik-ski@o2.pl\">strumnik-ski@o2.pl<\/a><\/p>\n<\/div>\n<\/div>\n","protected":false},"excerpt":{"rendered":"<p>There are many kayak rental comanies in the area. Below we present you with some selected, which we may be sure of good quality of service. Please bear in mind, that some employees might not be fluent with English. We recommend you to contact by email. Wodnik Margonin, ul. Budzy\u0144ska 3+48&nbsp;785&nbsp;502&nbsp;464www.wodnik-margonin.pl Splywajcie.pl Krajenka, ul. Okr\u0119\u017cna [&hellip;]<\/p>\n","protected":false},"author":1,"featured_media":0,"parent":975,"menu_order":0,"comment_status":"closed","ping_status":"closed","template":"","meta":{"_et_pb_use_builder":"off","_et_pb_old_content":"","_et_gb_content_width":""},"kategorie_stron":[13],"acf":false,"_links":{"self":[{"href":"https:\/\/wielka-petla.pl\/en\/wp-json\/wp\/v2\/pages\/1018"}],"collection":[{"href":"https:\/\/wielka-petla.pl\/en\/wp-json\/wp\/v2\/pages"}],"about":[{"href":"https:\/\/wielka-petla.pl\/en\/wp-json\/wp\/v2\/types\/page"}],"author":[{"embeddable":true,"href":"https:\/\/wielka-petla.pl\/en\/wp-json\/wp\/v2\/users\/1"}],"replies":[{"embeddable":true,"href":"https:\/\/wielka-petla.pl\/en\/wp-json\/wp\/v2\/comments?post=1018"}],"version-history":[{"count":4,"href":"https:\/\/wielka-petla.pl\/en\/wp-json\/wp\/v2\/pages\/1018\/revisions"}],"predecessor-version":[{"id":3241,"href":"https:\/\/wielka-petla.pl\/en\/wp-json\/wp\/v2\/pages\/1018\/revisions\/3241"}],"up":[{"embeddable":true,"href":"https:\/\/wielka-petla.pl\/en\/wp-json\/wp\/v2\/pages\/975"}],"wp:attachment":[{"href":"https:\/\/wielka-petla.pl\/en\/wp-json\/wp\/v2\/media?parent=1018"}],"wp:term":[{"taxonomy":"kategorie_stron","embeddable":true,"href":"https:\/\/wielka-petla.pl\/en\/wp-json\/wp\/v2\/kategorie_stron?post=1018"}],"curies":[{"name":"wp","href":"https:\/\/api.w.org\/{rel}","templated":true}]}}