{"id":1017,"date":"2021-02-16T14:35:12","date_gmt":"2021-02-16T13:35:12","guid":{"rendered":"https:\/\/wpw.gisgraph.pl\/?page_id=1017"},"modified":"2021-03-19T16:37:42","modified_gmt":"2021-03-19T15:37:42","slug":"wypozyczalnie-kajakow-kraina-100-jezior","status":"publish","type":"page","link":"https:\/\/wielka-petla.pl\/en\/wpw-dla-kajakarzy\/wypozyczalnie-kajakow\/wypozyczalnie-kajakow-kraina-100-jezior\/","title":{"rendered":"Rent a kayak &#8211; Western Wielkopolska"},"content":{"rendered":"\n<div class=\"wp-block-columns\">\n<div class=\"wp-block-column\">\n<h3><strong>Osada Rybacka Sazan<\/strong><\/h3>\n\n\n\n<p>Gorzycko Stare 40<br>+48&nbsp;661&nbsp;966 899<br><a href=\"mailto:biuro@rybacka-osada.pl\">biuro@rybacka-osada.pl<\/a><br><a href=\"http:\/\/www.rybacka-osada.pl\/\" target=\"_blank\" rel=\"noreferrer noopener\">www.rybacka-osada.pl<\/a><\/p>\n\n\n\n<h3><strong>OSIR Sierak\u00f3w<\/strong><\/h3>\n\n\n\n<p>+48 61&nbsp;295 28 68<br><a href=\"mailto:recepcja@osir.sierakow.pl\">recepcja@osir.sierakow.pl<\/a><br><a href=\"http:\/\/www.osir.sierakow.pl\/\">www.o<\/a><a href=\"http:\/\/www.osir.sierakow.pl\/\" target=\"_blank\" rel=\"noreferrer noopener\">s<\/a><a href=\"http:\/\/www.osir.sierakow.pl\/\">ir.sierakow.pl<\/a><\/p>\n\n\n\n<h3><strong>Hotel \u0141\u0119\u017ceczki<\/strong><\/h3>\n\n\n\n<p>\u0141\u0119\u017ceczki 1, Chrzypsko Wielkie<br>+48&nbsp;607&nbsp;529&nbsp;038<br><a href=\"mailto:biuro@hotellezeczki.pl\">biuro@hotellezeczki.pl<\/a><br><a href=\"http:\/\/www.hotellezeczki.pl\/\" target=\"_blank\" rel=\"noreferrer noopener\">www.hotellezeczki.pl<\/a><\/p>\n<\/div>\n\n\n\n<div class=\"wp-block-column\"><\/div>\n<\/div>\n\n\n\n<p><\/p>\n","protected":false},"excerpt":{"rendered":"<p>Osada Rybacka Sazan Gorzycko Stare 40+48&nbsp;661&nbsp;966 899biuro@rybacka-osada.plwww.rybacka-osada.pl OSIR Sierak\u00f3w +48 61&nbsp;295 28 68recepcja@osir.sierakow.plwww.osir.sierakow.pl Hotel \u0141\u0119\u017ceczki \u0141\u0119\u017ceczki 1, Chrzypsko Wielkie+48&nbsp;607&nbsp;529&nbsp;038biuro@hotellezeczki.plwww.hotellezeczki.pl<\/p>\n","protected":false},"author":1,"featured_media":0,"parent":975,"menu_order":0,"comment_status":"closed","ping_status":"closed","template":"","meta":{"_et_pb_use_builder":"off","_et_pb_old_content":"","_et_gb_content_width":""},"kategorie_stron":[13],"acf":false,"_links":{"self":[{"href":"https:\/\/wielka-petla.pl\/en\/wp-json\/wp\/v2\/pages\/1017"}],"collection":[{"href":"https:\/\/wielka-petla.pl\/en\/wp-json\/wp\/v2\/pages"}],"about":[{"href":"https:\/\/wielka-petla.pl\/en\/wp-json\/wp\/v2\/types\/page"}],"author":[{"embeddable":true,"href":"https:\/\/wielka-petla.pl\/en\/wp-json\/wp\/v2\/users\/1"}],"replies":[{"embeddable":true,"href":"https:\/\/wielka-petla.pl\/en\/wp-json\/wp\/v2\/comments?post=1017"}],"version-history":[{"count":2,"href":"https:\/\/wielka-petla.pl\/en\/wp-json\/wp\/v2\/pages\/1017\/revisions"}],"predecessor-version":[{"id":3094,"href":"https:\/\/wielka-petla.pl\/en\/wp-json\/wp\/v2\/pages\/1017\/revisions\/3094"}],"up":[{"embeddable":true,"href":"https:\/\/wielka-petla.pl\/en\/wp-json\/wp\/v2\/pages\/975"}],"wp:attachment":[{"href":"https:\/\/wielka-petla.pl\/en\/wp-json\/wp\/v2\/media?parent=1017"}],"wp:term":[{"taxonomy":"kategorie_stron","embeddable":true,"href":"https:\/\/wielka-petla.pl\/en\/wp-json\/wp\/v2\/kategorie_stron?post=1017"}],"curies":[{"name":"wp","href":"https:\/\/api.w.org\/{rel}","templated":true}]}}