{"id":1015,"date":"2021-02-16T14:35:06","date_gmt":"2021-02-16T13:35:06","guid":{"rendered":"https:\/\/wpw.gisgraph.pl\/?page_id=1015"},"modified":"2023-09-29T13:38:20","modified_gmt":"2023-09-29T11:38:20","slug":"wypozyczalnie-kajakow-notec","status":"publish","type":"page","link":"https:\/\/wielka-petla.pl\/en\/wpw-dla-kajakarzy\/wypozyczalnie-kajakow\/wypozyczalnie-kajakow-notec\/","title":{"rendered":"Rent a kayak &#8211; Note\u0107"},"content":{"rendered":"\n<p>There are many kayak rental comanies in the area. Below we present you with some selected, which we may be sure of good quality of service. Please bear in mind, that some employees might not be fluent with English. We recommend you to contact by email.<\/p>\n\n\n\n<div class=\"wp-block-columns\">\n<div class=\"wp-block-column\">\n<h2><strong>Kotwica boat and kayak rental<\/strong><\/h2>\n\n\n\n<p>G\u00f3ra nad Noteci\u0105 85, 64-700 Czarnk\u00f3w<br>+48 507 229&nbsp;905<\/p>\n\n\n\n<h2><strong>Kajaki Pi\u0142a<\/strong><\/h2>\n\n\n\n<p>Kr\u0119psko 50<br>+48&nbsp;790&nbsp;220&nbsp;914<br><a href=\"mailto:biuro@kajaczki.com\">biuro@kajaczki.com<\/a><br><a rel=\"noreferrer noopener\" href=\"http:\/\/www.kajaczki.com\/\" target=\"_blank\">www.kajaczki.com<\/a><\/p>\n\n\n\n<h2><strong>Top Kajak<\/strong><\/h2>\n\n\n\n<p>Pi\u0142a, ul. \u015aniadeckich 21<br>+48&nbsp;604&nbsp;468&nbsp;996<br><a rel=\"noreferrer noopener\" href=\"http:\/\/www.topkajak.pl\/\" target=\"_blank\">www.topkajak.pl<\/a><\/p>\n\n\n\n<h2><strong>Kotwica boat and kayak rental<\/strong><\/h2>\n\n\n\n<p>G\u00f3ra nad Noteci\u0105 85, 64-700 Czarnk\u00f3w<br>+48 507 229&nbsp;905<\/p>\n<\/div>\n\n\n\n<div class=\"wp-block-column\">\n<h2><strong>Kajaki Pi\u0142a<\/strong><\/h2>\n\n\n\n<p>Kr\u0119psko 50<br>+48&nbsp;790&nbsp;220&nbsp;914<br><a href=\"mailto:biuro@kajaczki.com\">biuro@kajaczki.com<\/a><br><a rel=\"noreferrer noopener\" href=\"http:\/\/www.kajaczki.com\/\" target=\"_blank\">www.kajaczki.com<\/a><\/p>\n\n\n\n<h2><strong>Top Kajak<\/strong><\/h2>\n\n\n\n<p>Pi\u0142a, ul. \u015aniadeckich 21<br>+48&nbsp;604&nbsp;468&nbsp;996<br><a rel=\"noreferrer noopener\" href=\"http:\/\/www.topkajak.pl\/\" target=\"_blank\">www.topkajak.pl<\/a><\/p>\n\n\n\n<h2><strong>Binduga Keja 105<\/strong><\/h2>\n\n\n\n<p>Uj\u015bcie, ul. Szpitalna<br>+48 604 468 996<br><a rel=\"noreferrer noopener\" href=\"http:\/\/www.keja105.pl\/\" target=\"_blank\">www.keja105.pl<\/a><\/p>\n<\/div>\n<\/div>\n","protected":false},"excerpt":{"rendered":"<p>There are many kayak rental comanies in the area. Below we present you with some selected, which we may be sure of good quality of service. Please bear in mind, that some employees might not be fluent with English. We recommend you to contact by email. Kotwica boat and kayak rental G\u00f3ra nad Noteci\u0105 85, [&hellip;]<\/p>\n","protected":false},"author":1,"featured_media":0,"parent":975,"menu_order":0,"comment_status":"closed","ping_status":"closed","template":"","meta":{"_et_pb_use_builder":"off","_et_pb_old_content":"","_et_gb_content_width":""},"kategorie_stron":[13],"acf":false,"_links":{"self":[{"href":"https:\/\/wielka-petla.pl\/en\/wp-json\/wp\/v2\/pages\/1015"}],"collection":[{"href":"https:\/\/wielka-petla.pl\/en\/wp-json\/wp\/v2\/pages"}],"about":[{"href":"https:\/\/wielka-petla.pl\/en\/wp-json\/wp\/v2\/types\/page"}],"author":[{"embeddable":true,"href":"https:\/\/wielka-petla.pl\/en\/wp-json\/wp\/v2\/users\/1"}],"replies":[{"embeddable":true,"href":"https:\/\/wielka-petla.pl\/en\/wp-json\/wp\/v2\/comments?post=1015"}],"version-history":[{"count":3,"href":"https:\/\/wielka-petla.pl\/en\/wp-json\/wp\/v2\/pages\/1015\/revisions"}],"predecessor-version":[{"id":3238,"href":"https:\/\/wielka-petla.pl\/en\/wp-json\/wp\/v2\/pages\/1015\/revisions\/3238"}],"up":[{"embeddable":true,"href":"https:\/\/wielka-petla.pl\/en\/wp-json\/wp\/v2\/pages\/975"}],"wp:attachment":[{"href":"https:\/\/wielka-petla.pl\/en\/wp-json\/wp\/v2\/media?parent=1015"}],"wp:term":[{"taxonomy":"kategorie_stron","embeddable":true,"href":"https:\/\/wielka-petla.pl\/en\/wp-json\/wp\/v2\/kategorie_stron?post=1015"}],"curies":[{"name":"wp","href":"https:\/\/api.w.org\/{rel}","templated":true}]}}